{"id":1337,"date":"2021-11-17T15:30:34","date_gmt":"2021-11-17T20:30:34","guid":{"rendered":"https:\/\/www.johnmarshall.edu\/lawreview\/?page_id=1337"},"modified":"2022-05-17T16:37:48","modified_gmt":"2022-05-17T20:37:48","slug":"volume-xiv-no-2","status":"publish","type":"page","link":"https:\/\/www.johnmarshall.edu\/lawreview\/current-volume\/volume-xiv-no-2\/","title":{"rendered":"Volume XIV &#8211; No. 2"},"content":{"rendered":"\n<p class=\"volumenumber\">Volume XIV | Number 2 | JOHN MARSHALL | 2020-2021<\/p>\n\n\n\n<p class=\"has-normal-font-size\"><strong><a href=\"https:\/\/www.johnmarshall.edu\/transnational-conference-on-the-future-of-legal-education-the-practice-of-law-and-the-judiciary\/\" target=\"_blank\" rel=\"noreferrer noopener\">TRANSNATIONAL CONFERENCE ON THE FUTURE OF LEGAL EDUCATION, THE PRACTICE OF LAW, AND THE JUDICIARY<\/a>. Atlanta&#8217;s John Marshall Law School, Bah\u00e7e\u015fehir University, Mitchell Hamline School&nbsp;of Law. February 9-12, 2021<\/strong><\/p>\n\n\n\n<p><strong>Symposium Articles<\/strong><\/p>\n\n\n\n<p style=\"font-size:34px\"><strong>ARTICLES<\/strong><\/p>\n\n\n\n<h3 class=\"wp-block-heading\"><a href=\"http:\/\/www.johnmarshall.edu\/lawreview\/wp-content\/uploads\/2021-AJMLS-Spring-Journal-XIV2-Lisa-Bliss-et-al..pdf\" target=\"_blank\" rel=\"noreferrer noopener\">CREATING ONLINE EDUCATION SPACES TO SUPPORT EQUITY, INCLUSION, BELONGING, AND WELL BEING<\/a><\/h3>\n\n\n\n<h3 class=\"wp-block-heading\"><em>Lisa Bliss, et al.<\/em><\/h3>\n\n\n\n<h3 class=\"wp-block-heading\"><a href=\"http:\/\/www.johnmarshall.edu\/lawreview\/wp-content\/uploads\/2021-AJMLS-Spring-Journal-XIV2-Betul-Yakar.pdf\" target=\"_blank\" rel=\"noreferrer noopener\">THE INFLUENCE OF SOCIAL MEDIAL OVER THE DECISION-MAKING PROCESS<\/a><\/h3>\n\n\n\n<h3 class=\"wp-block-heading\"><em>Bet\u00fcl Yakar<\/em><\/h3>\n\n\n\n<h3 class=\"wp-block-heading\"><a href=\"http:\/\/www.johnmarshall.edu\/lawreview\/wp-content\/uploads\/2021-AJMLS-Spring-Journal-XIV2-Zachary-Calo-et-al..pdf\" target=\"_blank\" rel=\"noreferrer noopener\">ALTERNATIVE DISPUTE REVOLUTIONS: TECHNOLOGY AND ADR IN THE MIDDLE EAST FOLLOWING THE COVID-19 PANDEMIC<\/a><\/h3>\n\n\n\n<h3 class=\"wp-block-heading\"><em>Zachary Calo, et al.<\/em><\/h3>\n\n\n\n<h3 class=\"wp-block-heading\"><a href=\"http:\/\/www.johnmarshall.edu\/lawreview\/wp-content\/uploads\/2021-AJMLS-Spring-Journal-XIV2-Christine-E.-Cerniglia.pdf\" target=\"_blank\" rel=\"noreferrer noopener\">CREATING LEGAL FIRST RESPONDERS: REQUIRING SERVICE HOURS FOR ADMISSION TO THE BAR<\/a><\/h3>\n\n\n\n<h3 class=\"wp-block-heading\"><em>Christine E. Cerniglia<\/em><\/h3>\n\n\n\n<h3 class=\"wp-block-heading\"><a href=\"http:\/\/www.johnmarshall.edu\/lawreview\/wp-content\/uploads\/2021-AJMLS-Spring-Journal-XIV2-Amy-A.-Emerson.pdf\" target=\"_blank\" rel=\"noreferrer noopener\">HOW THE PROCESS OF BUILDING LEGAL TECHNOLOGY CREATES PROFESSIONAL AGILITY<\/a><\/h3>\n\n\n\n<h3 class=\"wp-block-heading\"><em>Amy A. Emerson<\/em><\/h3>\n\n\n\n<h3 class=\"wp-block-heading\"><a href=\"http:\/\/www.johnmarshall.edu\/lawreview\/wp-content\/uploads\/2021-AJMLS-Spring-Journal-XIV2-Steven-Foster-et-al..pdf\" target=\"_blank\" rel=\"noreferrer noopener\">CLOSING THE LAW SCHOOL GAP: A COLLABORATIVE EFFORT TO ADDRESS EDUCATIONAL INEQUITIES THROUGH FREE, ASYNCHRONOUS TOOLS<\/a><\/h3>\n\n\n\n<h3 class=\"wp-block-heading\"><em>Steven Foster, et al.<\/em><\/h3>\n\n\n\n<h3 class=\"wp-block-heading\"><a href=\"http:\/\/www.johnmarshall.edu\/lawreview\/wp-content\/uploads\/2021-AJMLS-Spring-Journal-XIV2-Cemre-Kadioglu.pdf\" target=\"_blank\" rel=\"noreferrer noopener\">A BRIEF INTRODUCTION TO BLOCKCHAIN DISPUTE RESOLUTION<\/a><\/h3>\n\n\n\n<h3 class=\"wp-block-heading\"><em>Cemre \u00c7. KADIO\u011eLU KUMTEPE, LL.M.<\/em><\/h3>\n\n\n\n<h3 class=\"wp-block-heading\"><a href=\"http:\/\/www.johnmarshall.edu\/lawreview\/wp-content\/uploads\/2021-AJMLS-Spring-Journal-XIV2-Muharrem-Kilic.pdf\">ETHICAL-JURIDICAL INQUIRY<\/a> <a href=\"http:\/\/www.johnmarshall.edu\/lawreview\/wp-content\/uploads\/2021-AJMLS-Spring-Journal-XIV2-Muharrem-Kilic.pdf\">REGARDING THE EFFECT OF ARTIFICIAL INTELLIGENCE APPLICATIONS ON LEGAL PROFESSION AND LEGAL PRACTICES<\/a><\/h3>\n\n\n\n<h3 class=\"wp-block-heading\"><em>Prof. Dr. Muharrem KILI\u00c7<\/em><\/h3>\n\n\n\n<h3 class=\"wp-block-heading\"><a href=\"http:\/\/www.johnmarshall.edu\/lawreview\/wp-content\/uploads\/2021-AJMLS-Spring-Journal-XIV2-Alev-Ozeroglu.pdf\" target=\"_blank\" rel=\"noreferrer noopener\">OVERVIEW OF THE IMPACT OF THE USE OF TECHNOLOGY ON \u201cTHE NEW NORMAL\u201d IN GRADUATE STUDIES: REVIEWS ON THE CHANGE OF STUDY HABITS DURING AND AFTER THE PANDEMIC<\/a><\/h3>\n\n\n\n<h3 class=\"wp-block-heading\"><em>Alev \u00d6zero\u011flu<\/em><\/h3>\n\n\n\n<h3 class=\"wp-block-heading\"><a href=\"http:\/\/www.johnmarshall.edu\/lawreview\/wp-content\/uploads\/2021-AJMLS-Spring-Journal-XIV2-Murat-Pehlivanoglu.pdf\" target=\"_blank\" rel=\"noreferrer noopener\">INTERNAL COMPLAINT-HANDLING SYSTEMS OF ONLINE PLATFORMS, COMMERCIAL LAW AND THE BOARD OF DIRECTORS\u2019 DUTY OF CARE<\/a><\/h3>\n\n\n\n<h3 class=\"wp-block-heading\"><em>Murat Can PEHL\u0130VANO\u011eLU<\/em><\/h3>\n\n\n\n<h3 class=\"wp-block-heading\"><a href=\"http:\/\/www.johnmarshall.edu\/lawreview\/wp-content\/uploads\/2021-AJMLS-Spring-Journal-XIV2-Marina-Matic-Boskovic-et-al..pdf\" target=\"_blank\" rel=\"noreferrer noopener\">ADAPTATION OF THE JUDICIAL SYSTEMS TO THE GLOBAL PANDEMIC \u2013 A SHORT AND LONG-TERM IMPACT OF COVID-19 ON JUDICIAL SYSTEMS<\/a><\/h3>\n\n\n\n<h3 class=\"wp-block-heading\"><em>Dr. Marina Mati\u0107 Bo\u0161kovi\u0107<\/em><\/h3>\n\n\n\n<h3 class=\"wp-block-heading\"><a href=\"http:\/\/www.johnmarshall.edu\/lawreview\/wp-content\/uploads\/2021-AJMLS-Spring-Journal-XIV2-Atay-et-al..pdf\">WHAT MOTIVATES LAW SCHOOL STUDENTS? AN EXPLANATORY STUDY FROM TURKEY<\/a><\/h3>\n\n\n\n<h3 class=\"wp-block-heading\"><em>Derin ATAY, et al.<\/em><\/h3>\n\n\n\n<h3 class=\"wp-block-heading\"><a href=\"http:\/\/www.johnmarshall.edu\/lawreview\/wp-content\/uploads\/2021-AJMLS-Spring-Journal-XIV2-Rzadkowski-Atilgan.pdf\">TOWARD A TRANSNATIONAL CURRICULUM? REFLECTIONS ON POSSIBILITIES FOR FUTURE TEACHING IN LEGAL EDUCATION<\/a><\/h3>\n\n\n\n<h3 class=\"wp-block-heading\"><em>Nora Rzadkowski, Aydin Atilgan<\/em><\/h3>\n\n\n\n<h3 class=\"wp-block-heading\"><a href=\"http:\/\/www.johnmarshall.edu\/lawreview\/wp-content\/uploads\/2021-AJMLS-Spring-Journal-XIV2-Brody-et-al..pdf\">THE YA\u015eAR UNIVERSITY LEGAL ENGLISH CENTER: A RESPONSE TO THE CHALLENGES OF PROVIDING LEGAL ENGLISH AND ENGLISH AS A MEDIUM OF INSTRUCTION IN LAW COURSES<\/a><\/h3>\n\n\n\n<h3 class=\"wp-block-heading\"><em>David Brody, et al.<\/em><\/h3>\n\n\n\n<h3 class=\"wp-block-heading\"><a href=\"http:\/\/www.johnmarshall.edu\/lawreview\/wp-content\/uploads\/2021-AJMLS-Spring-Journal-XIV2-Kabano.pdf\">CYBERSECURITY AND INTERNATIONAL LAW: ARE WE WHERE WE SHOULD BE?<\/a><\/h3>\n\n\n\n<h3 class=\"wp-block-heading\"><em>Jacques KABANO<\/em><\/h3>\n","protected":false},"excerpt":{"rendered":"<p>Volume XIV | Number 2 | JOHN MARSHALL | 2020-2021 TRANSNATIONAL CONFERENCE ON THE FUTURE OF LEGAL EDUCATION, THE PRACTICE OF LAW, AND THE JUDICIARY. Atlanta&#8217;s John Marshall Law School, Bah\u00e7e\u015fehir University, Mitchell Hamline School&nbsp;of Law. February 9-12, 2021 Symposium Articles ARTICLES CREATING ONLINE EDUCATION SPACES TO SUPPORT EQUITY, INCLUSION, BELONGING, AND WELL BEING Lisa [&hellip;]<\/p>\n","protected":false},"author":6,"featured_media":0,"parent":24,"menu_order":15,"comment_status":"closed","ping_status":"closed","template":"page-sidebar.php","meta":{"footnotes":""},"class_list":["post-1337","page","type-page","status-publish","hentry"],"acf":[],"_links":{"self":[{"href":"https:\/\/www.johnmarshall.edu\/lawreview\/wp-json\/wp\/v2\/pages\/1337","targetHints":{"allow":["GET"]}}],"collection":[{"href":"https:\/\/www.johnmarshall.edu\/lawreview\/wp-json\/wp\/v2\/pages"}],"about":[{"href":"https:\/\/www.johnmarshall.edu\/lawreview\/wp-json\/wp\/v2\/types\/page"}],"author":[{"embeddable":true,"href":"https:\/\/www.johnmarshall.edu\/lawreview\/wp-json\/wp\/v2\/users\/6"}],"replies":[{"embeddable":true,"href":"https:\/\/www.johnmarshall.edu\/lawreview\/wp-json\/wp\/v2\/comments?post=1337"}],"version-history":[{"count":6,"href":"https:\/\/www.johnmarshall.edu\/lawreview\/wp-json\/wp\/v2\/pages\/1337\/revisions"}],"predecessor-version":[{"id":1372,"href":"https:\/\/www.johnmarshall.edu\/lawreview\/wp-json\/wp\/v2\/pages\/1337\/revisions\/1372"}],"up":[{"embeddable":true,"href":"https:\/\/www.johnmarshall.edu\/lawreview\/wp-json\/wp\/v2\/pages\/24"}],"wp:attachment":[{"href":"https:\/\/www.johnmarshall.edu\/lawreview\/wp-json\/wp\/v2\/media?parent=1337"}],"curies":[{"name":"wp","href":"https:\/\/api.w.org\/{rel}","templated":true}]}}